{"id":2361,"date":"2025-07-16T06:34:55","date_gmt":"2025-07-16T06:34:55","guid":{"rendered":"https:\/\/www.mooseparis.com\/?page_id=2361"},"modified":"2025-07-16T07:14:55","modified_gmt":"2025-07-16T07:14:55","slug":"mentions-legales","status":"publish","type":"page","link":"https:\/\/www.mooseparis.com\/en\/mentions-legales\/","title":{"rendered":"Mentions l\u00e9gales"},"content":{"rendered":"<div data-elementor-type=\"wp-page\" data-elementor-id=\"2361\" class=\"elementor elementor-2361\" data-elementor-post-type=\"page\">\n\t\t\t\t<div class=\"elementor-element elementor-element-e820017 e-flex e-con-boxed e-con e-parent\" data-id=\"e820017\" data-element_type=\"container\" data-settings=\"{&quot;background_background&quot;:&quot;classic&quot;}\">\n\t\t\t\t\t<div class=\"e-con-inner\">\n\t\t<div class=\"elementor-element elementor-element-d1252d7 e-con-full e-flex e-con e-child\" data-id=\"d1252d7\" data-element_type=\"container\">\n\t\t\t\t<div class=\"elementor-element elementor-element-4b2c802 elementor-widget elementor-widget-heading\" data-id=\"4b2c802\" data-element_type=\"widget\" data-widget_type=\"heading.default\">\n\t\t\t\t<div class=\"elementor-widget-container\">\n\t\t\t\t\t<span class=\"elementor-heading-title elementor-size-default\">mentions l\u00e9gales<\/span>\t\t\t\t<\/div>\n\t\t\t\t<\/div>\n\t\t\t\t<div class=\"elementor-element elementor-element-54c5e19 elementor-widget elementor-widget-menu-anchor\" data-id=\"54c5e19\" data-element_type=\"widget\" data-widget_type=\"menu-anchor.default\">\n\t\t\t\t<div class=\"elementor-widget-container\">\n\t\t\t\t\t\t\t<div class=\"elementor-menu-anchor\" id=\"apropos\"><\/div>\n\t\t\t\t\t\t<\/div>\n\t\t\t\t<\/div>\n\t\t\t\t<div class=\"elementor-element elementor-element-b8b77d4 elementor-widget elementor-widget-image-box\" data-id=\"b8b77d4\" data-element_type=\"widget\" data-widget_type=\"image-box.default\">\n\t\t\t\t<div class=\"elementor-widget-container\">\n\t\t\t\t\t<div class=\"elementor-image-box-wrapper\"><div class=\"elementor-image-box-content\"><p class=\"elementor-image-box-description\"><b>Raison sociale :<\/b> SAS MOOSEMEN<br>\n<b>Si\u00e8ge social :<\/b> 16 rue des Quatre Vents, 75006 Paris<br>\n<b>Capital social :<\/b> 7622,45 \u20ac<br>\n<b>SIRET :<\/b> 42261014700015<br>\n<b>RCS :<\/b> 422 610 147 R.C.S. Paris<br>\n<b>Responsable de la publication :<\/b> Michael Kennedy<br>\n<b>H\u00e9bergeur du site :<\/b> Infomaniak<br><br>\n\nLe site internet est la propri\u00e9t\u00e9 exclusive de la soci\u00e9t\u00e9 SAS MOOSEMEN. Toute reproduction ou utilisation de son contenu, en tout ou partie, est interdite sans autorisation \u00e9crite pr\u00e9alable.\n\n<\/p><\/div><\/div>\t\t\t\t<\/div>\n\t\t\t\t<\/div>\n\t\t\t\t<\/div>\n\t\t\t\t\t<\/div>\n\t\t\t\t<\/div>\n\t\t\t\t<\/div>","protected":false},"excerpt":{"rendered":"<p>mentions l\u00e9gales Raison sociale : SAS MOOSEMEN Si\u00e8ge social : 16 rue des Quatre Vents, 75006 Paris Capital social : 7622,45 \u20ac SIRET : 42261014700015 RCS : 422 610 147 R.C.S. Paris Responsable de la publication : Michael Kennedy H\u00e9bergeur du site : Infomaniak Le site internet est la propri\u00e9t\u00e9 exclusive de la soci\u00e9t\u00e9 SAS [&hellip;]<\/p>\n","protected":false},"author":1,"featured_media":0,"parent":0,"menu_order":0,"comment_status":"closed","ping_status":"closed","template":"elementor_header_footer","meta":{"site-sidebar-layout":"no-sidebar","site-content-layout":"page-builder","ast-site-content-layout":"full-width-container","site-content-style":"default","site-sidebar-style":"default","ast-global-header-display":"","ast-banner-title-visibility":"","ast-main-header-display":"","ast-hfb-above-header-display":"","ast-hfb-below-header-display":"","ast-hfb-mobile-header-display":"","site-post-title":"disabled","ast-breadcrumbs-content":"","ast-featured-img":"disabled","footer-sml-layout":"","theme-transparent-header-meta":"","adv-header-id-meta":"","stick-header-meta":"","header-above-stick-meta":"","header-main-stick-meta":"","header-below-stick-meta":"","astra-migrate-meta-layouts":"set","ast-page-background-enabled":"default","ast-page-background-meta":{"desktop":{"background-color":"var(--ast-global-color-4)","background-image":"","background-repeat":"repeat","background-position":"center center","background-size":"auto","background-attachment":"scroll","background-type":"","background-media":"","overlay-type":"","overlay-color":"","overlay-opacity":"","overlay-gradient":""},"tablet":{"background-color":"","background-image":"","background-repeat":"repeat","background-position":"center center","background-size":"auto","background-attachment":"scroll","background-type":"","background-media":"","overlay-type":"","overlay-color":"","overlay-opacity":"","overlay-gradient":""},"mobile":{"background-color":"","background-image":"","background-repeat":"repeat","background-position":"center center","background-size":"auto","background-attachment":"scroll","background-type":"","background-media":"","overlay-type":"","overlay-color":"","overlay-opacity":"","overlay-gradient":""}},"ast-content-background-meta":{"desktop":{"background-color":"var(--ast-global-color-5)","background-image":"","background-repeat":"repeat","background-position":"center center","background-size":"auto","background-attachment":"scroll","background-type":"","background-media":"","overlay-type":"","overlay-color":"","overlay-opacity":"","overlay-gradient":""},"tablet":{"background-color":"var(--ast-global-color-5)","background-image":"","background-repeat":"repeat","background-position":"center center","background-size":"auto","background-attachment":"scroll","background-type":"","background-media":"","overlay-type":"","overlay-color":"","overlay-opacity":"","overlay-gradient":""},"mobile":{"background-color":"var(--ast-global-color-5)","background-image":"","background-repeat":"repeat","background-position":"center center","background-size":"auto","background-attachment":"scroll","background-type":"","background-media":"","overlay-type":"","overlay-color":"","overlay-opacity":"","overlay-gradient":""}},"footnotes":""},"class_list":["post-2361","page","type-page","status-publish","hentry"],"yoast_head":"<!-- This site is optimized with the Yoast SEO plugin v27.5 - https:\/\/yoast.com\/product\/yoast-seo-wordpress\/ -->\n<title>Mentions l\u00e9gales - The Moose Paris<\/title>\n<meta name=\"robots\" content=\"index, follow, max-snippet:-1, max-image-preview:large, max-video-preview:-1\" \/>\n<link rel=\"canonical\" href=\"https:\/\/www.mooseparis.com\/en\/mentions-legales\/\" \/>\n<meta property=\"og:locale\" content=\"en_GB\" \/>\n<meta property=\"og:type\" content=\"article\" \/>\n<meta property=\"og:title\" content=\"Mentions l\u00e9gales - The Moose Paris\" \/>\n<meta property=\"og:description\" content=\"mentions l\u00e9gales Raison sociale : SAS MOOSEMEN Si\u00e8ge social : 16 rue des Quatre Vents, 75006 Paris Capital social : 7622,45 \u20ac SIRET : 42261014700015 RCS : 422 610 147 R.C.S. Paris Responsable de la publication : Michael Kennedy H\u00e9bergeur du site : Infomaniak Le site internet est la propri\u00e9t\u00e9 exclusive de la soci\u00e9t\u00e9 SAS [&hellip;]\" \/>\n<meta property=\"og:url\" content=\"https:\/\/www.mooseparis.com\/en\/mentions-legales\/\" \/>\n<meta property=\"og:site_name\" content=\"The Moose Paris\" \/>\n<meta property=\"article:modified_time\" content=\"2025-07-16T07:14:55+00:00\" \/>\n<meta name=\"twitter:card\" content=\"summary_large_image\" \/>\n<meta name=\"twitter:label1\" content=\"Estimated reading time\" \/>\n\t<meta name=\"twitter:data1\" content=\"1 minute\" \/>\n<script type=\"application\/ld+json\" class=\"yoast-schema-graph\">{\"@context\":\"https:\\\/\\\/schema.org\",\"@graph\":[{\"@type\":\"WebPage\",\"@id\":\"https:\\\/\\\/www.mooseparis.com\\\/mentions-legales\\\/\",\"url\":\"https:\\\/\\\/www.mooseparis.com\\\/mentions-legales\\\/\",\"name\":\"Mentions l\u00e9gales - The Moose Paris\",\"isPartOf\":{\"@id\":\"https:\\\/\\\/www.mooseparis.com\\\/#website\"},\"datePublished\":\"2025-07-16T06:34:55+00:00\",\"dateModified\":\"2025-07-16T07:14:55+00:00\",\"breadcrumb\":{\"@id\":\"https:\\\/\\\/www.mooseparis.com\\\/mentions-legales\\\/#breadcrumb\"},\"inLanguage\":\"en-GB\",\"potentialAction\":[{\"@type\":\"ReadAction\",\"target\":[\"https:\\\/\\\/www.mooseparis.com\\\/mentions-legales\\\/\"]}]},{\"@type\":\"BreadcrumbList\",\"@id\":\"https:\\\/\\\/www.mooseparis.com\\\/mentions-legales\\\/#breadcrumb\",\"itemListElement\":[{\"@type\":\"ListItem\",\"position\":1,\"name\":\"Accueil\",\"item\":\"https:\\\/\\\/www.mooseparis.com\\\/\"},{\"@type\":\"ListItem\",\"position\":2,\"name\":\"Mentions l\u00e9gales\"}]},{\"@type\":\"WebSite\",\"@id\":\"https:\\\/\\\/www.mooseparis.com\\\/#website\",\"url\":\"https:\\\/\\\/www.mooseparis.com\\\/\",\"name\":\"The Moose Paris\",\"description\":\"Bar sportif - Bi\u00e8re - Poutine\",\"publisher\":{\"@id\":\"https:\\\/\\\/www.mooseparis.com\\\/#organization\"},\"potentialAction\":[{\"@type\":\"SearchAction\",\"target\":{\"@type\":\"EntryPoint\",\"urlTemplate\":\"https:\\\/\\\/www.mooseparis.com\\\/?s={search_term_string}\"},\"query-input\":{\"@type\":\"PropertyValueSpecification\",\"valueRequired\":true,\"valueName\":\"search_term_string\"}}],\"inLanguage\":\"en-GB\"},{\"@type\":\"Organization\",\"@id\":\"https:\\\/\\\/www.mooseparis.com\\\/#organization\",\"name\":\"The Moose Paris\",\"url\":\"https:\\\/\\\/www.mooseparis.com\\\/\",\"logo\":{\"@type\":\"ImageObject\",\"inLanguage\":\"en-GB\",\"@id\":\"https:\\\/\\\/www.mooseparis.com\\\/#\\\/schema\\\/logo\\\/image\\\/\",\"url\":\"https:\\\/\\\/www.mooseparis.com\\\/wp-content\\\/uploads\\\/2025\\\/05\\\/PA-5.webp\",\"contentUrl\":\"https:\\\/\\\/www.mooseparis.com\\\/wp-content\\\/uploads\\\/2025\\\/05\\\/PA-5.webp\",\"width\":500,\"height\":500,\"caption\":\"The Moose Paris\"},\"image\":{\"@id\":\"https:\\\/\\\/www.mooseparis.com\\\/#\\\/schema\\\/logo\\\/image\\\/\"}}]}<\/script>\n<!-- \/ Yoast SEO plugin. -->","yoast_head_json":{"title":"Mentions l\u00e9gales - The Moose Paris","robots":{"index":"index","follow":"follow","max-snippet":"max-snippet:-1","max-image-preview":"max-image-preview:large","max-video-preview":"max-video-preview:-1"},"canonical":"https:\/\/www.mooseparis.com\/en\/mentions-legales\/","og_locale":"en_GB","og_type":"article","og_title":"Mentions l\u00e9gales - The Moose Paris","og_description":"mentions l\u00e9gales Raison sociale : SAS MOOSEMEN Si\u00e8ge social : 16 rue des Quatre Vents, 75006 Paris Capital social : 7622,45 \u20ac SIRET : 42261014700015 RCS : 422 610 147 R.C.S. Paris Responsable de la publication : Michael Kennedy H\u00e9bergeur du site : Infomaniak Le site internet est la propri\u00e9t\u00e9 exclusive de la soci\u00e9t\u00e9 SAS [&hellip;]","og_url":"https:\/\/www.mooseparis.com\/en\/mentions-legales\/","og_site_name":"The Moose Paris","article_modified_time":"2025-07-16T07:14:55+00:00","twitter_card":"summary_large_image","twitter_misc":{"Estimated reading time":"1 minute"},"schema":{"@context":"https:\/\/schema.org","@graph":[{"@type":"WebPage","@id":"https:\/\/www.mooseparis.com\/mentions-legales\/","url":"https:\/\/www.mooseparis.com\/mentions-legales\/","name":"Mentions l\u00e9gales - The Moose Paris","isPartOf":{"@id":"https:\/\/www.mooseparis.com\/#website"},"datePublished":"2025-07-16T06:34:55+00:00","dateModified":"2025-07-16T07:14:55+00:00","breadcrumb":{"@id":"https:\/\/www.mooseparis.com\/mentions-legales\/#breadcrumb"},"inLanguage":"en-GB","potentialAction":[{"@type":"ReadAction","target":["https:\/\/www.mooseparis.com\/mentions-legales\/"]}]},{"@type":"BreadcrumbList","@id":"https:\/\/www.mooseparis.com\/mentions-legales\/#breadcrumb","itemListElement":[{"@type":"ListItem","position":1,"name":"Accueil","item":"https:\/\/www.mooseparis.com\/"},{"@type":"ListItem","position":2,"name":"Mentions l\u00e9gales"}]},{"@type":"WebSite","@id":"https:\/\/www.mooseparis.com\/#website","url":"https:\/\/www.mooseparis.com\/","name":"The Moose Paris","description":"Bar sportif - Bi\u00e8re - Poutine","publisher":{"@id":"https:\/\/www.mooseparis.com\/#organization"},"potentialAction":[{"@type":"SearchAction","target":{"@type":"EntryPoint","urlTemplate":"https:\/\/www.mooseparis.com\/?s={search_term_string}"},"query-input":{"@type":"PropertyValueSpecification","valueRequired":true,"valueName":"search_term_string"}}],"inLanguage":"en-GB"},{"@type":"Organization","@id":"https:\/\/www.mooseparis.com\/#organization","name":"The Moose Paris","url":"https:\/\/www.mooseparis.com\/","logo":{"@type":"ImageObject","inLanguage":"en-GB","@id":"https:\/\/www.mooseparis.com\/#\/schema\/logo\/image\/","url":"https:\/\/www.mooseparis.com\/wp-content\/uploads\/2025\/05\/PA-5.webp","contentUrl":"https:\/\/www.mooseparis.com\/wp-content\/uploads\/2025\/05\/PA-5.webp","width":500,"height":500,"caption":"The Moose Paris"},"image":{"@id":"https:\/\/www.mooseparis.com\/#\/schema\/logo\/image\/"}}]}},"_links":{"self":[{"href":"https:\/\/www.mooseparis.com\/en\/wp-json\/wp\/v2\/pages\/2361","targetHints":{"allow":["GET"]}}],"collection":[{"href":"https:\/\/www.mooseparis.com\/en\/wp-json\/wp\/v2\/pages"}],"about":[{"href":"https:\/\/www.mooseparis.com\/en\/wp-json\/wp\/v2\/types\/page"}],"author":[{"embeddable":true,"href":"https:\/\/www.mooseparis.com\/en\/wp-json\/wp\/v2\/users\/1"}],"replies":[{"embeddable":true,"href":"https:\/\/www.mooseparis.com\/en\/wp-json\/wp\/v2\/comments?post=2361"}],"version-history":[{"count":16,"href":"https:\/\/www.mooseparis.com\/en\/wp-json\/wp\/v2\/pages\/2361\/revisions"}],"predecessor-version":[{"id":2399,"href":"https:\/\/www.mooseparis.com\/en\/wp-json\/wp\/v2\/pages\/2361\/revisions\/2399"}],"wp:attachment":[{"href":"https:\/\/www.mooseparis.com\/en\/wp-json\/wp\/v2\/media?parent=2361"}],"curies":[{"name":"wp","href":"https:\/\/api.w.org\/{rel}","templated":true}]}}